{"id":17,"date":"2024-06-22T12:47:03","date_gmt":"2024-06-22T10:47:03","guid":{"rendered":"http:\/\/chaletm.cluster029.hosting.ovh.net\/?page_id=17"},"modified":"2024-06-22T23:37:53","modified_gmt":"2024-06-22T21:37:53","slug":"ienvenue-au-chalet-le-petit-coeur","status":"publish","type":"page","link":"https:\/\/www.chaletlepetitcoeur.fr\/","title":{"rendered":"Accueil"},"content":{"rendered":"\n<div class=\"wp-block-group alignwide is-layout-flow wp-container-core-group-is-layout-8a368f38 wp-block-group-is-layout-flow\">\n<figure class=\"wp-block-gallery has-nested-images columns-default is-cropped wp-block-gallery-1 is-layout-flex wp-block-gallery-is-layout-flex\">\n<figure class=\"wp-block-image size-large\"><img data-recalc-dims=\"1\" loading=\"lazy\" decoding=\"async\" width=\"1024\" height=\"344\" data-attachment-id=\"27\" data-permalink=\"https:\/\/www.chaletlepetitcoeur.fr\/index.php\/ienvenue-au-chalet-le-petit-coeur\/fond_entete2-4\/\" data-orig-file=\"https:\/\/i0.wp.com\/www.chaletlepetitcoeur.fr\/wp-content\/uploads\/2024\/06\/fond_entete2-4.jpg?fit=1910%2C641&amp;ssl=1\" data-orig-size=\"1910,641\" data-comments-opened=\"1\" data-image-meta=\"{&quot;aperture&quot;:&quot;5.6&quot;,&quot;credit&quot;:&quot;&quot;,&quot;camera&quot;:&quot;NIKON D60&quot;,&quot;caption&quot;:&quot;&quot;,&quot;created_timestamp&quot;:&quot;1681845492&quot;,&quot;copyright&quot;:&quot;&quot;,&quot;focal_length&quot;:&quot;55&quot;,&quot;iso&quot;:&quot;100&quot;,&quot;shutter_speed&quot;:&quot;0.00625&quot;,&quot;title&quot;:&quot;&quot;,&quot;orientation&quot;:&quot;1&quot;}\" data-image-title=\"fond_entete2-4\" data-image-description=\"\" data-image-caption=\"\" data-medium-file=\"https:\/\/i0.wp.com\/www.chaletlepetitcoeur.fr\/wp-content\/uploads\/2024\/06\/fond_entete2-4.jpg?fit=300%2C101&amp;ssl=1\" data-large-file=\"https:\/\/i0.wp.com\/www.chaletlepetitcoeur.fr\/wp-content\/uploads\/2024\/06\/fond_entete2-4.jpg?fit=1024%2C344&amp;ssl=1\" data-id=\"27\" src=\"https:\/\/i0.wp.com\/www.chaletlepetitcoeur.fr\/wp-content\/uploads\/2024\/06\/fond_entete2-4.jpg?resize=1024%2C344&#038;ssl=1\" alt=\"\" class=\"wp-image-27\" srcset=\"https:\/\/i0.wp.com\/www.chaletlepetitcoeur.fr\/wp-content\/uploads\/2024\/06\/fond_entete2-4.jpg?resize=1024%2C344&amp;ssl=1 1024w, https:\/\/i0.wp.com\/www.chaletlepetitcoeur.fr\/wp-content\/uploads\/2024\/06\/fond_entete2-4.jpg?resize=300%2C101&amp;ssl=1 300w, https:\/\/i0.wp.com\/www.chaletlepetitcoeur.fr\/wp-content\/uploads\/2024\/06\/fond_entete2-4.jpg?resize=768%2C258&amp;ssl=1 768w, https:\/\/i0.wp.com\/www.chaletlepetitcoeur.fr\/wp-content\/uploads\/2024\/06\/fond_entete2-4.jpg?resize=1536%2C515&amp;ssl=1 1536w, https:\/\/i0.wp.com\/www.chaletlepetitcoeur.fr\/wp-content\/uploads\/2024\/06\/fond_entete2-4.jpg?w=1910&amp;ssl=1 1910w\" sizes=\"auto, (max-width: 1000px) 100vw, 1000px\" \/><\/figure>\n<\/figure>\n\n\n\n<div class=\"wp-block-columns are-vertically-aligned-top is-layout-flex wp-container-core-columns-is-layout-28f84493 wp-block-columns-is-layout-flex\">\n<div class=\"wp-block-column is-vertically-aligned-top is-layout-flow wp-block-column-is-layout-flow\">\n<h1 class=\"wp-block-heading\" style=\"margin-top:0;margin-bottom:0;font-size:clamp(3.25rem, 8vw, 6.25rem);line-height:1.15\"><em>Bienvenue au Chalet Le Petit C\u0153ur<\/em><\/h1>\n<\/div>\n\n\n\n<div class=\"wp-block-column is-vertically-aligned-top is-layout-flow wp-block-column-is-layout-flow\" style=\"padding-bottom:6rem\">\n<p>Nous sommes ravis de vous accueillir sur le site du Chalet le Petit C\u0153ur.<br>Que vous cherchiez un endroit pour vous ressourcer en famille, pour pratiquer la randonn\u00e9e ou pour vous \u00e9vader en amoureux, notre chalet est l&rsquo;endroit id\u00e9al pour passer des vacances inoubliables.<br>Notre chalet situ\u00e9 en pleine nature offre une vue imprenable sur la vall\u00e9e, une ambiance chaleureuse et un confort absolu.<br><\/p>\n\n\n\n<p>N&rsquo;h\u00e9sitez pas \u00e0 nous contacter si vous avez des questions ou si vous souhaitez r\u00e9server votre s\u00e9jour.<br>Nous sommes l\u00e0 pour vous aider \u00e0 planifier votre voyage et pour vous garantir des vacances inoubliables.<\/p>\n\n\n\n<div style=\"height:20px\" aria-hidden=\"true\" class=\"wp-block-spacer\"><\/div>\n\n\n\n<div class=\"wp-block-buttons is-content-justification-right is-layout-flex wp-container-core-buttons-is-layout-d445cf74 wp-block-buttons-is-layout-flex\">\n<div class=\"wp-block-button has-custom-width wp-block-button__width-50 is-style-fill\"><a class=\"wp-block-button__link wp-element-button\" href=\"https:\/\/www.chaletlepetitcoeur.fr\/index.php\/le-chalet\/\">D\u00e9couvrir Le Chalet<\/a><\/div>\n<\/div>\n<\/div>\n<\/div>\n<\/div>\n","protected":false},"excerpt":{"rendered":"<p>Bienvenue au Chalet Le Petit C\u0153ur Nous sommes ravis de vous accueillir sur le site du Chalet le Petit C\u0153ur.Que vous cherchiez un endroit pour vous ressourcer en famille, pour pratiquer la randonn\u00e9e ou pour vous \u00e9vader en amoureux, notre chalet est l&rsquo;endroit id\u00e9al pour passer des vacances inoubliables.Notre chalet situ\u00e9 en pleine nature offre [&hellip;]<\/p>\n","protected":false},"author":1,"featured_media":0,"parent":0,"menu_order":0,"comment_status":"closed","ping_status":"closed","template":"","meta":{"footnotes":""},"class_list":["post-17","page","type-page","status-publish","hentry"],"yoast_head":"<!-- This site is optimized with the Yoast SEO plugin v27.1.1 - https:\/\/yoast.com\/product\/yoast-seo-wordpress\/ -->\n<title>Accueil - Chalet Le Petit Coeur<\/title>\n<meta name=\"description\" content=\"D\u00e9couvrez le chalet et contactez nous pour votre r\u00e9servation ! Location de meubl\u00e9 de tourisme \u00e0 Xonrupt Longemer F-88400\" \/>\n<meta name=\"robots\" content=\"index, follow, max-snippet:-1, max-image-preview:large, max-video-preview:-1\" \/>\n<link rel=\"canonical\" href=\"https:\/\/www.chaletlepetitcoeur.fr\/\" \/>\n<meta property=\"og:locale\" content=\"fr_FR\" \/>\n<meta property=\"og:type\" content=\"article\" \/>\n<meta property=\"og:title\" content=\"Accueil - Chalet Le Petit Coeur\" \/>\n<meta property=\"og:description\" content=\"D\u00e9couvrez le chalet et contactez nous pour votre r\u00e9servation ! Location de meubl\u00e9 de tourisme \u00e0 Xonrupt Longemer F-88400\" \/>\n<meta property=\"og:url\" content=\"https:\/\/www.chaletlepetitcoeur.fr\/\" \/>\n<meta property=\"og:site_name\" content=\"Chalet Le Petit Coeur\" \/>\n<meta property=\"article:publisher\" content=\"https:\/\/www.facebook.com\/profile.php?id=100086382145338\" \/>\n<meta property=\"article:modified_time\" content=\"2024-06-22T21:37:53+00:00\" \/>\n<meta property=\"og:image\" content=\"https:\/\/www.chaletlepetitcoeur.fr\/wp-content\/uploads\/2024\/06\/fond_entete2-4-1024x344.jpg\" \/>\n<meta name=\"twitter:card\" content=\"summary_large_image\" \/>\n<meta name=\"twitter:label1\" content=\"Dur\u00e9e de lecture estim\u00e9e\" \/>\n\t<meta name=\"twitter:data1\" content=\"1 minute\" \/>\n<script type=\"application\/ld+json\" class=\"yoast-schema-graph\">{\"@context\":\"https:\/\/schema.org\",\"@graph\":[{\"@type\":\"WebPage\",\"@id\":\"https:\/\/www.chaletlepetitcoeur.fr\/\",\"url\":\"https:\/\/www.chaletlepetitcoeur.fr\/\",\"name\":\"Accueil - Chalet Le Petit Coeur\",\"isPartOf\":{\"@id\":\"https:\/\/www.chaletlepetitcoeur.fr\/#website\"},\"primaryImageOfPage\":{\"@id\":\"https:\/\/www.chaletlepetitcoeur.fr\/#primaryimage\"},\"image\":{\"@id\":\"https:\/\/www.chaletlepetitcoeur.fr\/#primaryimage\"},\"thumbnailUrl\":\"https:\/\/www.chaletlepetitcoeur.fr\/wp-content\/uploads\/2024\/06\/fond_entete2-4-1024x344.jpg\",\"datePublished\":\"2024-06-22T10:47:03+00:00\",\"dateModified\":\"2024-06-22T21:37:53+00:00\",\"description\":\"D\u00e9couvrez le chalet et contactez nous pour votre r\u00e9servation ! Location de meubl\u00e9 de tourisme \u00e0 Xonrupt Longemer F-88400\",\"breadcrumb\":{\"@id\":\"https:\/\/www.chaletlepetitcoeur.fr\/#breadcrumb\"},\"inLanguage\":\"fr-FR\",\"potentialAction\":[{\"@type\":\"ReadAction\",\"target\":[\"https:\/\/www.chaletlepetitcoeur.fr\/\"]}]},{\"@type\":\"ImageObject\",\"inLanguage\":\"fr-FR\",\"@id\":\"https:\/\/www.chaletlepetitcoeur.fr\/#primaryimage\",\"url\":\"https:\/\/i0.wp.com\/www.chaletlepetitcoeur.fr\/wp-content\/uploads\/2024\/06\/fond_entete2-4.jpg?fit=1910%2C641&ssl=1\",\"contentUrl\":\"https:\/\/i0.wp.com\/www.chaletlepetitcoeur.fr\/wp-content\/uploads\/2024\/06\/fond_entete2-4.jpg?fit=1910%2C641&ssl=1\",\"width\":1910,\"height\":641},{\"@type\":\"BreadcrumbList\",\"@id\":\"https:\/\/www.chaletlepetitcoeur.fr\/#breadcrumb\",\"itemListElement\":[{\"@type\":\"ListItem\",\"position\":1,\"name\":\"Accueil\",\"item\":\"https:\/\/www.chaletlepetitcoeur.fr\/\"},{\"@type\":\"ListItem\",\"position\":2,\"name\":\"Accueil\"}]},{\"@type\":\"WebSite\",\"@id\":\"https:\/\/www.chaletlepetitcoeur.fr\/#website\",\"url\":\"https:\/\/www.chaletlepetitcoeur.fr\/\",\"name\":\"Chalet Le Petit Coeur\",\"description\":\"Location de vacances au c\u0153ur des Vosges\",\"publisher\":{\"@id\":\"https:\/\/www.chaletlepetitcoeur.fr\/#organization\"},\"potentialAction\":[{\"@type\":\"SearchAction\",\"target\":{\"@type\":\"EntryPoint\",\"urlTemplate\":\"https:\/\/www.chaletlepetitcoeur.fr\/?s={search_term_string}\"},\"query-input\":{\"@type\":\"PropertyValueSpecification\",\"valueRequired\":true,\"valueName\":\"search_term_string\"}}],\"inLanguage\":\"fr-FR\"},{\"@type\":\"Organization\",\"@id\":\"https:\/\/www.chaletlepetitcoeur.fr\/#organization\",\"name\":\"Chalet Le Petit Coeur\",\"alternateName\":\"Jelsie\",\"url\":\"https:\/\/www.chaletlepetitcoeur.fr\/\",\"logo\":{\"@type\":\"ImageObject\",\"inLanguage\":\"fr-FR\",\"@id\":\"https:\/\/www.chaletlepetitcoeur.fr\/#\/schema\/logo\/image\/\",\"url\":\"https:\/\/i0.wp.com\/www.chaletlepetitcoeur.fr\/wp-content\/uploads\/2024\/06\/logo_chalet.jpg?fit=349%2C232&ssl=1\",\"contentUrl\":\"https:\/\/i0.wp.com\/www.chaletlepetitcoeur.fr\/wp-content\/uploads\/2024\/06\/logo_chalet.jpg?fit=349%2C232&ssl=1\",\"width\":349,\"height\":232,\"caption\":\"Chalet Le Petit Coeur\"},\"image\":{\"@id\":\"https:\/\/www.chaletlepetitcoeur.fr\/#\/schema\/logo\/image\/\"},\"sameAs\":[\"https:\/\/www.facebook.com\/profile.php?id=100086382145338\"]}]}<\/script>\n<!-- \/ Yoast SEO plugin. -->","yoast_head_json":{"title":"Accueil - Chalet Le Petit Coeur","description":"D\u00e9couvrez le chalet et contactez nous pour votre r\u00e9servation ! Location de meubl\u00e9 de tourisme \u00e0 Xonrupt Longemer F-88400","robots":{"index":"index","follow":"follow","max-snippet":"max-snippet:-1","max-image-preview":"max-image-preview:large","max-video-preview":"max-video-preview:-1"},"canonical":"https:\/\/www.chaletlepetitcoeur.fr\/","og_locale":"fr_FR","og_type":"article","og_title":"Accueil - Chalet Le Petit Coeur","og_description":"D\u00e9couvrez le chalet et contactez nous pour votre r\u00e9servation ! Location de meubl\u00e9 de tourisme \u00e0 Xonrupt Longemer F-88400","og_url":"https:\/\/www.chaletlepetitcoeur.fr\/","og_site_name":"Chalet Le Petit Coeur","article_publisher":"https:\/\/www.facebook.com\/profile.php?id=100086382145338","article_modified_time":"2024-06-22T21:37:53+00:00","og_image":[{"url":"https:\/\/www.chaletlepetitcoeur.fr\/wp-content\/uploads\/2024\/06\/fond_entete2-4-1024x344.jpg","type":"","width":"","height":""}],"twitter_card":"summary_large_image","twitter_misc":{"Dur\u00e9e de lecture estim\u00e9e":"1 minute"},"schema":{"@context":"https:\/\/schema.org","@graph":[{"@type":"WebPage","@id":"https:\/\/www.chaletlepetitcoeur.fr\/","url":"https:\/\/www.chaletlepetitcoeur.fr\/","name":"Accueil - Chalet Le Petit Coeur","isPartOf":{"@id":"https:\/\/www.chaletlepetitcoeur.fr\/#website"},"primaryImageOfPage":{"@id":"https:\/\/www.chaletlepetitcoeur.fr\/#primaryimage"},"image":{"@id":"https:\/\/www.chaletlepetitcoeur.fr\/#primaryimage"},"thumbnailUrl":"https:\/\/www.chaletlepetitcoeur.fr\/wp-content\/uploads\/2024\/06\/fond_entete2-4-1024x344.jpg","datePublished":"2024-06-22T10:47:03+00:00","dateModified":"2024-06-22T21:37:53+00:00","description":"D\u00e9couvrez le chalet et contactez nous pour votre r\u00e9servation ! Location de meubl\u00e9 de tourisme \u00e0 Xonrupt Longemer F-88400","breadcrumb":{"@id":"https:\/\/www.chaletlepetitcoeur.fr\/#breadcrumb"},"inLanguage":"fr-FR","potentialAction":[{"@type":"ReadAction","target":["https:\/\/www.chaletlepetitcoeur.fr\/"]}]},{"@type":"ImageObject","inLanguage":"fr-FR","@id":"https:\/\/www.chaletlepetitcoeur.fr\/#primaryimage","url":"https:\/\/i0.wp.com\/www.chaletlepetitcoeur.fr\/wp-content\/uploads\/2024\/06\/fond_entete2-4.jpg?fit=1910%2C641&ssl=1","contentUrl":"https:\/\/i0.wp.com\/www.chaletlepetitcoeur.fr\/wp-content\/uploads\/2024\/06\/fond_entete2-4.jpg?fit=1910%2C641&ssl=1","width":1910,"height":641},{"@type":"BreadcrumbList","@id":"https:\/\/www.chaletlepetitcoeur.fr\/#breadcrumb","itemListElement":[{"@type":"ListItem","position":1,"name":"Accueil","item":"https:\/\/www.chaletlepetitcoeur.fr\/"},{"@type":"ListItem","position":2,"name":"Accueil"}]},{"@type":"WebSite","@id":"https:\/\/www.chaletlepetitcoeur.fr\/#website","url":"https:\/\/www.chaletlepetitcoeur.fr\/","name":"Chalet Le Petit Coeur","description":"Location de vacances au c\u0153ur des Vosges","publisher":{"@id":"https:\/\/www.chaletlepetitcoeur.fr\/#organization"},"potentialAction":[{"@type":"SearchAction","target":{"@type":"EntryPoint","urlTemplate":"https:\/\/www.chaletlepetitcoeur.fr\/?s={search_term_string}"},"query-input":{"@type":"PropertyValueSpecification","valueRequired":true,"valueName":"search_term_string"}}],"inLanguage":"fr-FR"},{"@type":"Organization","@id":"https:\/\/www.chaletlepetitcoeur.fr\/#organization","name":"Chalet Le Petit Coeur","alternateName":"Jelsie","url":"https:\/\/www.chaletlepetitcoeur.fr\/","logo":{"@type":"ImageObject","inLanguage":"fr-FR","@id":"https:\/\/www.chaletlepetitcoeur.fr\/#\/schema\/logo\/image\/","url":"https:\/\/i0.wp.com\/www.chaletlepetitcoeur.fr\/wp-content\/uploads\/2024\/06\/logo_chalet.jpg?fit=349%2C232&ssl=1","contentUrl":"https:\/\/i0.wp.com\/www.chaletlepetitcoeur.fr\/wp-content\/uploads\/2024\/06\/logo_chalet.jpg?fit=349%2C232&ssl=1","width":349,"height":232,"caption":"Chalet Le Petit Coeur"},"image":{"@id":"https:\/\/www.chaletlepetitcoeur.fr\/#\/schema\/logo\/image\/"},"sameAs":["https:\/\/www.facebook.com\/profile.php?id=100086382145338"]}]}},"jetpack_sharing_enabled":true,"_links":{"self":[{"href":"https:\/\/www.chaletlepetitcoeur.fr\/index.php\/wp-json\/wp\/v2\/pages\/17","targetHints":{"allow":["GET"]}}],"collection":[{"href":"https:\/\/www.chaletlepetitcoeur.fr\/index.php\/wp-json\/wp\/v2\/pages"}],"about":[{"href":"https:\/\/www.chaletlepetitcoeur.fr\/index.php\/wp-json\/wp\/v2\/types\/page"}],"author":[{"embeddable":true,"href":"https:\/\/www.chaletlepetitcoeur.fr\/index.php\/wp-json\/wp\/v2\/users\/1"}],"replies":[{"embeddable":true,"href":"https:\/\/www.chaletlepetitcoeur.fr\/index.php\/wp-json\/wp\/v2\/comments?post=17"}],"version-history":[{"count":8,"href":"https:\/\/www.chaletlepetitcoeur.fr\/index.php\/wp-json\/wp\/v2\/pages\/17\/revisions"}],"predecessor-version":[{"id":160,"href":"https:\/\/www.chaletlepetitcoeur.fr\/index.php\/wp-json\/wp\/v2\/pages\/17\/revisions\/160"}],"wp:attachment":[{"href":"https:\/\/www.chaletlepetitcoeur.fr\/index.php\/wp-json\/wp\/v2\/media?parent=17"}],"curies":[{"name":"wp","href":"https:\/\/api.w.org\/{rel}","templated":true}]}}